{"id":224,"date":"2021-04-30T20:41:04","date_gmt":"2021-04-30T18:41:04","guid":{"rendered":"https:\/\/ladycutbarber.com\/?page_id=224"},"modified":"2021-04-30T20:41:04","modified_gmt":"2021-04-30T18:41:04","slug":"politica-de-privacidad-y-cookies","status":"publish","type":"page","link":"https:\/\/ladycutbarber.com\/index.php\/politica-de-privacidad-y-cookies\/","title":{"rendered":"Pol\u00edtica de privacidad y Cookies"},"content":{"rendered":"<p>El presente Pol\u00edtica de Privacidad establece los t\u00e9rminos en que LADY CUT BARBER usa y protege la informaci\u00f3n que es proporcionada por sus usuarios al momento de utilizar su sitio web. Esta compa\u00f1\u00eda est\u00e1 comprometida con la seguridad de los datos de sus usuarios. Cuando le pedimos llenar los campos de informaci\u00f3n personal con la cual usted pueda ser identificado, lo hacemos asegurando que s\u00f3lo se emplear\u00e1 de acuerdo con los t\u00e9rminos de este documento. Sin embargo esta Pol\u00edtica de Privacidad puede cambiar con el tiempo o ser actualizada por lo que le recomendamos y enfatizamos revisar continuamente esta p\u00e1gina para asegurarse que est\u00e1 de acuerdo con dichos cambios.<strong>\u00bfQui\u00e9n es el Responsable del tratamiento de sus datos y cu\u00e1les son los datos de contacto?<\/strong><\/p>\n<p>Identidad: ISABEL MONTESINOS MARTINEZ \u2013 NIF: 48615804Z<\/p>\n<p>Dir. postal: Calle Antonio Machado, 1 Santa Mar\u00eda de Gracia \u2013 30009 (Murcia) \u2013 Espa\u00f1a<br \/>\nCorreo electr\u00f3nico:\u00a0<a href=\"mailto:info@ladycutbarber.com\">Aqu\u00ed<\/a><br \/>\nContacto Delegado de Protecci\u00f3n de Datos (DPD):\u00a0<a href=\"mailto:info@ladycutbarber.com\">Aqu\u00ed<\/a><\/p>\n<p>Gracias por su inter\u00e9s en nuestra tienda online. La protecci\u00f3n de su privacidad es muy importante para nosotros. A continuaci\u00f3n le informamos detalladamente sobre el tratamiento de sus datos.<\/p>\n<h2>Informaci\u00f3n que es recogida<\/h2>\n<p>Nuestro sitio web podr\u00e1 recoger informaci\u00f3n personal por ejemplo: Nombre, informaci\u00f3n de contacto como su direcci\u00f3n de correo electr\u00f3nica e informaci\u00f3n demogr\u00e1fica. As\u00ed mismo cuando sea necesario podr\u00e1 ser requerida informaci\u00f3n espec\u00edfica para procesar su cita o alg\u00fan pedido y realizar una entrega o facturaci\u00f3n.<\/p>\n<h2>Uso de la informaci\u00f3n recogida<\/h2>\n<p>Nuestro sitio web emplea la informaci\u00f3n con el fin de proporcionar el mejor servicio posible, particularmente para mantener un registro de usuarios, de pedidos en caso que aplique, de citas para servicios de barber\u00eda y poder mejorar nuestros productos y servicios.<\/p>\n<p>LADY CUT BARBER est\u00e1 altamente comprometido para cumplir con el compromiso de mantener su informaci\u00f3n segura. Usamos los sistemas m\u00e1s avanzados y los actualizamos constantemente para asegurarnos que no exista ning\u00fan acceso no autorizado.<\/p>\n<p>\u201cConforme al Art. 6, apartado 1, p\u00e1rrafo 1, letra a del RGPD, de haber obtenido previamente su consentimiento expreso a la inscripci\u00f3n a nuestro bolet\u00edn, utilizaremos los datos necesarios para ello para el env\u00edo de comunicaciones comerciales de acuerdo a dicho consentimiento .<\/p>\n<p>Usted puede darse de baja del bolet\u00edn en cualquier momento, enviando un mensaje a nuestra direcci\u00f3n de contacto aqu\u00ed descrita o haciendo click en el link previsto para ello en el e-mail con dicha comunicaci\u00f3n comercial.<\/p>\n<p>Tras darse de baja bloqueamos su direcci\u00f3n de correo electr\u00f3nico para este uso, siempre que usted no haya dado su consentimiento expreso de que los datos sigan siendo usados, o nos reservemos el derecho de continuar usando sus datos en casos permitidos por la ley y sobre los que les informamos en este documento.\u201d<\/p>\n<h2>Cookies<\/h2>\n<p>Una cookie se refiere a un fichero que es enviado con la finalidad de solicitar permiso para almacenarse en su ordenador, al aceptar dicho fichero se crea y la cookie sirve entonces para tener informaci\u00f3n respecto al tr\u00e1fico web, y tambi\u00e9n facilita las futuras visitas a una web recurrente. Otra funci\u00f3n que tienen las cookies es que con ellas las web pueden reconocerte individualmente y por tanto brindarte el mejor servicio personalizado de su web.<\/p>\n<p>Nuestro sitio web emplea las cookies para poder identificar las p\u00e1ginas que son visitadas y su frecuencia. Esta informaci\u00f3n es empleada \u00fanicamente para an\u00e1lisis estad\u00edstico y despu\u00e9s la informaci\u00f3n se elimina de forma permanente. Usted puede eliminar las cookies en cualquier momento desde su ordenador. Sin embargo las cookies ayudan a proporcionar un mejor servicio de los sitios web, est\u00e1s no dan acceso a informaci\u00f3n de su ordenador ni de usted, a menos de que usted as\u00ed lo quiera y la proporcione directamente, visitas a una web . Usted puede aceptar o negar el uso de cookies, sin embargo la mayor\u00eda de navegadores aceptan cookies autom\u00e1ticamente pues sirve para tener un mejor servicio web. Tambi\u00e9n usted puede cambiar la configuraci\u00f3n de su ordenador para declinar las cookies. Si se declinan es posible que no pueda utilizar algunos de nuestros servicios.<\/p>\n<p>Este sitio web pudiera contener en laces a otros sitios que pudieran ser de su inter\u00e9s. Una vez que usted de clic en estos enlaces y abandone nuestra p\u00e1gina, ya no tenemos control sobre al sitio al que es redirigido y por lo tanto no somos responsables de los t\u00e9rminos o privacidad ni de la protecci\u00f3n de sus datos en esos otros sitios terceros. Dichos sitios est\u00e1n sujetos a sus propias pol\u00edticas de privacidad por lo cual es recomendable que los consulte para confirmar que usted est\u00e1 de acuerdo con estas.<\/p>\n<h2>Control de su informaci\u00f3n personal<\/h2>\n<p>En cualquier momento usted puede restringir la recopilaci\u00f3n o el uso de la informaci\u00f3n personal que es proporcionada a nuestro sitio web. Cada vez que se le solicite rellenar un formulario, como el de alta de usuario, puede marcar o desmarcar la opci\u00f3n de recibir informaci\u00f3n por correo electr\u00f3nico. En caso de que haya marcado la opci\u00f3n de recibir nuestro bolet\u00edn o publicidad usted puede cancelarla en cualquier momento.<\/p>\n<p>Esta compa\u00f1\u00eda no vender\u00e1, ceder\u00e1 ni distribuir\u00e1 la informaci\u00f3n personal que es recopilada sin su consentimiento, salvo que sea requerido por un juez con un orden judicial.<\/p>\n<p>LADY CUT BARBER Se reserva el derecho de cambiar los t\u00e9rminos de la presente Pol\u00edtica de Privacidad en cualquier momento.<\/p>\n<h2><strong>Derechos de los interesados<\/strong><\/h2>\n<p>Como interesado tiene usted los siguientes derechos, de conformidad con el Reglamento General de Protecci\u00f3n de Datos (RGPD): \u2022 conforme al art. 15 RGPD, el derecho, en la medida ah\u00ed indicada, de obtener informaci\u00f3n sobre los datos personales que le conciernan y que tratamos;<br \/>\n\u2022 conforme al art. 16 RGPD, el derecho a obtener sin dilaci\u00f3n indebida la rectificaci\u00f3n o que se completen los datos personales que le conciernan;<br \/>\n\u2022 conforme al art. 17 RGPD, el derecho a obtener la supresi\u00f3n de los datos personales que le conciernan, siempre y cuando el tratamiento no sea necesario:<br \/>\n\u2013 para ejercer el derecho a la libertad de expresi\u00f3n e informaci\u00f3n,<br \/>\n\u2013 para el cumplimiento de una obligaci\u00f3n legal,<br \/>\n\u2013 por razones de inter\u00e9s p\u00fablico, o<br \/>\n\u2013 para la formulaci\u00f3n, el ejercicio o la defensa de reclamaciones;<br \/>\n\u2022 conforme al art. 18 RGPD, el derecho a obtener la limitaci\u00f3n del tratamiento de sus datos cuando<br \/>\n\u2013 el interesado impugne la exactitud de los datos,<br \/>\n\u2013 el tratamiento sea il\u00edcito y usted se oponga a la supresi\u00f3n de los datos,<br \/>\n\u2013 ya no necesitemos los datos pero usted los necesite para la formulaci\u00f3n, el ejercicio o la defensa de reclamaciones, o<br \/>\n\u2013 usted se haya opuesto al tratamiento en virtud del art\u00edculo 21 RGPD;<br \/>\n\u2022 conforme al art. 20 RGPD, el derecho a recibir los datos personales que le incumban y que nos haya facilitado, en un formato estructurado, de uso com\u00fan y lectura mec\u00e1nica, o a pedir que se transmitan a otro responsable;<br \/>\n\u2022 conforme al art. 77 RGPD, el derecho a presentar una reclamaci\u00f3n ante una autoridad de control. Por regla general puede usted dirigirse para ello a la autoridad de control de su lugar de residencia o trabajo habituales o de la sede de nuestra empresa.<\/p>\n<p>En caso de dudas relativas a la recogida, procesamiento o utilizaci\u00f3n de sus datos personales, as\u00ed como para obtener informaci\u00f3n, rectificar, bloquear o cancelar datos, revocar consentimientos otorgados u oponerse a un determinado uso de los datos, le rogamos se ponga directamente en contacto con nosotros en la direcci\u00f3n que figura en el aviso legal.<\/p>\n","protected":false},"excerpt":{"rendered":"<p>El presente Pol\u00edtica de Privacidad establece los t\u00e9rminos en que LADY CUT BARBER usa y protege la informaci\u00f3n que es proporcionada por sus usuarios al momento de utilizar su sitio web. Esta compa\u00f1\u00eda est\u00e1 comprometida con la seguridad de los datos de sus usuarios. Cuando le pedimos llenar los campos de informaci\u00f3n personal con la [&hellip;]<\/p>\n","protected":false},"author":1,"featured_media":0,"parent":0,"menu_order":0,"comment_status":"closed","ping_status":"closed","template":"","meta":{"_et_pb_use_builder":"","_et_pb_old_content":"","_et_gb_content_width":"","footnotes":""},"class_list":["post-224","page","type-page","status-publish","hentry"],"yoast_head":"<!-- This site is optimized with the Yoast SEO plugin v26.6 - https:\/\/yoast.com\/wordpress\/plugins\/seo\/ -->\n<title>Pol\u00edtica de privacidad y Cookies - Lady Cut Barber<\/title>\n<meta name=\"robots\" content=\"index, follow, max-snippet:-1, max-image-preview:large, max-video-preview:-1\" \/>\n<link rel=\"canonical\" href=\"https:\/\/ladycutbarber.com\/index.php\/politica-de-privacidad-y-cookies\/\" \/>\n<meta property=\"og:locale\" content=\"es_ES\" \/>\n<meta property=\"og:type\" content=\"article\" \/>\n<meta property=\"og:title\" content=\"Pol\u00edtica de privacidad y Cookies - Lady Cut Barber\" \/>\n<meta property=\"og:description\" content=\"El presente Pol\u00edtica de Privacidad establece los t\u00e9rminos en que LADY CUT BARBER usa y protege la informaci\u00f3n que es proporcionada por sus usuarios al momento de utilizar su sitio web. Esta compa\u00f1\u00eda est\u00e1 comprometida con la seguridad de los datos de sus usuarios. Cuando le pedimos llenar los campos de informaci\u00f3n personal con la [&hellip;]\" \/>\n<meta property=\"og:url\" content=\"https:\/\/ladycutbarber.com\/index.php\/politica-de-privacidad-y-cookies\/\" \/>\n<meta property=\"og:site_name\" content=\"Lady Cut Barber\" \/>\n<meta name=\"twitter:card\" content=\"summary_large_image\" \/>\n<meta name=\"twitter:label1\" content=\"Tiempo de lectura\" \/>\n\t<meta name=\"twitter:data1\" content=\"6 minutos\" \/>\n<script type=\"application\/ld+json\" class=\"yoast-schema-graph\">{\"@context\":\"https:\/\/schema.org\",\"@graph\":[{\"@type\":\"WebPage\",\"@id\":\"https:\/\/ladycutbarber.com\/index.php\/politica-de-privacidad-y-cookies\/\",\"url\":\"https:\/\/ladycutbarber.com\/index.php\/politica-de-privacidad-y-cookies\/\",\"name\":\"Pol\u00edtica de privacidad y Cookies - Lady Cut Barber\",\"isPartOf\":{\"@id\":\"https:\/\/ladycutbarber.com\/#website\"},\"datePublished\":\"2021-04-30T18:41:04+00:00\",\"breadcrumb\":{\"@id\":\"https:\/\/ladycutbarber.com\/index.php\/politica-de-privacidad-y-cookies\/#breadcrumb\"},\"inLanguage\":\"es\",\"potentialAction\":[{\"@type\":\"ReadAction\",\"target\":[\"https:\/\/ladycutbarber.com\/index.php\/politica-de-privacidad-y-cookies\/\"]}]},{\"@type\":\"BreadcrumbList\",\"@id\":\"https:\/\/ladycutbarber.com\/index.php\/politica-de-privacidad-y-cookies\/#breadcrumb\",\"itemListElement\":[{\"@type\":\"ListItem\",\"position\":1,\"name\":\"Portada\",\"item\":\"https:\/\/ladycutbarber.com\/\"},{\"@type\":\"ListItem\",\"position\":2,\"name\":\"Pol\u00edtica de privacidad y Cookies\"}]},{\"@type\":\"WebSite\",\"@id\":\"https:\/\/ladycutbarber.com\/#website\",\"url\":\"https:\/\/ladycutbarber.com\/\",\"name\":\"Lady Cut Barber\",\"description\":\"Tu barber\u00eda mas revolucionaria\",\"publisher\":{\"@id\":\"https:\/\/ladycutbarber.com\/#organization\"},\"potentialAction\":[{\"@type\":\"SearchAction\",\"target\":{\"@type\":\"EntryPoint\",\"urlTemplate\":\"https:\/\/ladycutbarber.com\/?s={search_term_string}\"},\"query-input\":{\"@type\":\"PropertyValueSpecification\",\"valueRequired\":true,\"valueName\":\"search_term_string\"}}],\"inLanguage\":\"es\"},{\"@type\":\"Organization\",\"@id\":\"https:\/\/ladycutbarber.com\/#organization\",\"name\":\"LADY CUT BARBER\",\"url\":\"https:\/\/ladycutbarber.com\/\",\"logo\":{\"@type\":\"ImageObject\",\"inLanguage\":\"es\",\"@id\":\"https:\/\/ladycutbarber.com\/#\/schema\/logo\/image\/\",\"url\":\"https:\/\/ladycutbarber.com\/wp-content\/uploads\/2021\/04\/favicon1.png\",\"contentUrl\":\"https:\/\/ladycutbarber.com\/wp-content\/uploads\/2021\/04\/favicon1.png\",\"width\":512,\"height\":512,\"caption\":\"LADY CUT BARBER\"},\"image\":{\"@id\":\"https:\/\/ladycutbarber.com\/#\/schema\/logo\/image\/\"},\"sameAs\":[\"https:\/\/www.instagram.com\/isa.ldy.barber\/\"]}]}<\/script>\n<!-- \/ Yoast SEO plugin. -->","yoast_head_json":{"title":"Pol\u00edtica de privacidad y Cookies - Lady Cut Barber","robots":{"index":"index","follow":"follow","max-snippet":"max-snippet:-1","max-image-preview":"max-image-preview:large","max-video-preview":"max-video-preview:-1"},"canonical":"https:\/\/ladycutbarber.com\/index.php\/politica-de-privacidad-y-cookies\/","og_locale":"es_ES","og_type":"article","og_title":"Pol\u00edtica de privacidad y Cookies - Lady Cut Barber","og_description":"El presente Pol\u00edtica de Privacidad establece los t\u00e9rminos en que LADY CUT BARBER usa y protege la informaci\u00f3n que es proporcionada por sus usuarios al momento de utilizar su sitio web. Esta compa\u00f1\u00eda est\u00e1 comprometida con la seguridad de los datos de sus usuarios. Cuando le pedimos llenar los campos de informaci\u00f3n personal con la [&hellip;]","og_url":"https:\/\/ladycutbarber.com\/index.php\/politica-de-privacidad-y-cookies\/","og_site_name":"Lady Cut Barber","twitter_card":"summary_large_image","twitter_misc":{"Tiempo de lectura":"6 minutos"},"schema":{"@context":"https:\/\/schema.org","@graph":[{"@type":"WebPage","@id":"https:\/\/ladycutbarber.com\/index.php\/politica-de-privacidad-y-cookies\/","url":"https:\/\/ladycutbarber.com\/index.php\/politica-de-privacidad-y-cookies\/","name":"Pol\u00edtica de privacidad y Cookies - Lady Cut Barber","isPartOf":{"@id":"https:\/\/ladycutbarber.com\/#website"},"datePublished":"2021-04-30T18:41:04+00:00","breadcrumb":{"@id":"https:\/\/ladycutbarber.com\/index.php\/politica-de-privacidad-y-cookies\/#breadcrumb"},"inLanguage":"es","potentialAction":[{"@type":"ReadAction","target":["https:\/\/ladycutbarber.com\/index.php\/politica-de-privacidad-y-cookies\/"]}]},{"@type":"BreadcrumbList","@id":"https:\/\/ladycutbarber.com\/index.php\/politica-de-privacidad-y-cookies\/#breadcrumb","itemListElement":[{"@type":"ListItem","position":1,"name":"Portada","item":"https:\/\/ladycutbarber.com\/"},{"@type":"ListItem","position":2,"name":"Pol\u00edtica de privacidad y Cookies"}]},{"@type":"WebSite","@id":"https:\/\/ladycutbarber.com\/#website","url":"https:\/\/ladycutbarber.com\/","name":"Lady Cut Barber","description":"Tu barber\u00eda mas revolucionaria","publisher":{"@id":"https:\/\/ladycutbarber.com\/#organization"},"potentialAction":[{"@type":"SearchAction","target":{"@type":"EntryPoint","urlTemplate":"https:\/\/ladycutbarber.com\/?s={search_term_string}"},"query-input":{"@type":"PropertyValueSpecification","valueRequired":true,"valueName":"search_term_string"}}],"inLanguage":"es"},{"@type":"Organization","@id":"https:\/\/ladycutbarber.com\/#organization","name":"LADY CUT BARBER","url":"https:\/\/ladycutbarber.com\/","logo":{"@type":"ImageObject","inLanguage":"es","@id":"https:\/\/ladycutbarber.com\/#\/schema\/logo\/image\/","url":"https:\/\/ladycutbarber.com\/wp-content\/uploads\/2021\/04\/favicon1.png","contentUrl":"https:\/\/ladycutbarber.com\/wp-content\/uploads\/2021\/04\/favicon1.png","width":512,"height":512,"caption":"LADY CUT BARBER"},"image":{"@id":"https:\/\/ladycutbarber.com\/#\/schema\/logo\/image\/"},"sameAs":["https:\/\/www.instagram.com\/isa.ldy.barber\/"]}]}},"_links":{"self":[{"href":"https:\/\/ladycutbarber.com\/index.php\/wp-json\/wp\/v2\/pages\/224","targetHints":{"allow":["GET"]}}],"collection":[{"href":"https:\/\/ladycutbarber.com\/index.php\/wp-json\/wp\/v2\/pages"}],"about":[{"href":"https:\/\/ladycutbarber.com\/index.php\/wp-json\/wp\/v2\/types\/page"}],"author":[{"embeddable":true,"href":"https:\/\/ladycutbarber.com\/index.php\/wp-json\/wp\/v2\/users\/1"}],"replies":[{"embeddable":true,"href":"https:\/\/ladycutbarber.com\/index.php\/wp-json\/wp\/v2\/comments?post=224"}],"version-history":[{"count":1,"href":"https:\/\/ladycutbarber.com\/index.php\/wp-json\/wp\/v2\/pages\/224\/revisions"}],"predecessor-version":[{"id":225,"href":"https:\/\/ladycutbarber.com\/index.php\/wp-json\/wp\/v2\/pages\/224\/revisions\/225"}],"wp:attachment":[{"href":"https:\/\/ladycutbarber.com\/index.php\/wp-json\/wp\/v2\/media?parent=224"}],"curies":[{"name":"wp","href":"https:\/\/api.w.org\/{rel}","templated":true}]}}